{"id":28,"date":"2020-02-20T21:37:31","date_gmt":"2020-02-20T21:37:31","guid":{"rendered":"http:\/\/schlobachshof.com\/?page_id=28"},"modified":"2020-05-16T16:40:44","modified_gmt":"2020-05-16T16:40:44","slug":"wir-ueber-uns","status":"publish","type":"page","link":"https:\/\/schlobachshof.com\/?page_id=28","title":{"rendered":"Wir \u00fcber uns"},"content":{"rendered":"\n<div class=\"wp-block-file\"><a href=\"https:\/\/schlobachshof.com\/wp-content\/uploads\/2020\/02\/2019-05-19-Flyer_Schlobachshof.pdf\">2019-05-19-Flyer_Schlobachshof<\/a><a href=\"https:\/\/schlobachshof.com\/wp-content\/uploads\/2020\/02\/2019-05-19-Flyer_Schlobachshof.pdf\" class=\"wp-block-file__button\" download>Herunterladen<\/a><\/div>\n\n\n\n<h2 class=\"wp-block-heading\"><strong>Unsere Ideen\/Ziele f\u00fcr den Schlobachshof<\/strong><\/h2>\n\n\n\n<ul class=\"wp-block-list\"><li>Aufbau eines \u201einteraktiven\u201c Bauernhofmuseums mit<br> Tierzucht und \u2013haltung z. B. als au\u00dferschulischen Lernort<\/li><\/ul>\n\n\n\n<ul class=\"wp-block-list\"><li>Durchf\u00fchrung von Ma\u00dfnahmen von Bildung und<br> Erziehung, vor allem Umweltbildung<br> <\/li><li>Informationspunkt f\u00fcr das Projekt \u201eLebendige Luppe\u201c<br> <\/li><li>Ort f\u00fcr Fachweiterbildungen im Rahmen der<br> p\u00e4dagogischenund therapeutischen Bereiche, der<br> Bauernhofp\u00e4dagogik, Erlebnis- und Waldp\u00e4dagogik<br> <\/li><li>Pflege der Streuobstwiesen und Biotope<br> <\/li><li>Schaffung von \u201eAu\u00dfenarbeitspl\u00e4tzen\u201c<br> f\u00fcr Behinderte<br> <\/li><li>Gnadenhof f\u00fcr Pferde<br><br><br><br> Wir hoffen, dass es m\u00f6glich wird, im Jubil\u00e4umsjahr auf<br> eine neue Zukunft des Hofes blicken zu k\u00f6nnen.<br><br> Besonders am Herzen liegt uns dabei:<br><\/li><li>die Erhaltung des Areals f\u00fcr Leipziger<br> die M\u00f6glichkeiten zum Erleben der Natur<\/li><li>die historische Bedeutung des Hofes f\u00fcr<br> B\u00f6hlitz-Ehrenberg und Leipzig<br><\/li><\/ul>\n\n\n\n<p><\/p>\n","protected":false},"excerpt":{"rendered":"<p>Unsere Ideen\/Ziele f\u00fcr den Schlobachshof Aufbau eines \u201einteraktiven\u201c Bauernhofmuseums mit Tierzucht und \u2013haltung z. B. als au\u00dferschulischen Lernort Durchf\u00fchrung von Ma\u00dfnahmen von Bildung und Erziehung, vor allem Umweltbildung Informationspunkt f\u00fcr das Projekt \u201eLebendige Luppe\u201c Ort f\u00fcr Fachweiterbildungen im Rahmen der p\u00e4dagogischenund therapeutischen Bereiche, der Bauernhofp\u00e4dagogik, Erlebnis- und Waldp\u00e4dagogik Pflege der Streuobstwiesen und Biotope Schaffung von &hellip; <\/p>\n<p class=\"link-more\"><a href=\"https:\/\/schlobachshof.com\/?page_id=28\" class=\"more-link\"><span class=\"screen-reader-text\">\u201eWir \u00fcber uns\u201c<\/span> weiterlesen<\/a><\/p>\n","protected":false},"author":2,"featured_media":0,"parent":0,"menu_order":0,"comment_status":"closed","ping_status":"closed","template":"","meta":{"footnotes":""},"class_list":["post-28","page","type-page","status-publish","hentry"],"jetpack_sharing_enabled":true,"_links":{"self":[{"href":"https:\/\/schlobachshof.com\/index.php?rest_route=\/wp\/v2\/pages\/28","targetHints":{"allow":["GET"]}}],"collection":[{"href":"https:\/\/schlobachshof.com\/index.php?rest_route=\/wp\/v2\/pages"}],"about":[{"href":"https:\/\/schlobachshof.com\/index.php?rest_route=\/wp\/v2\/types\/page"}],"author":[{"embeddable":true,"href":"https:\/\/schlobachshof.com\/index.php?rest_route=\/wp\/v2\/users\/2"}],"replies":[{"embeddable":true,"href":"https:\/\/schlobachshof.com\/index.php?rest_route=%2Fwp%2Fv2%2Fcomments&post=28"}],"version-history":[{"count":6,"href":"https:\/\/schlobachshof.com\/index.php?rest_route=\/wp\/v2\/pages\/28\/revisions"}],"predecessor-version":[{"id":66,"href":"https:\/\/schlobachshof.com\/index.php?rest_route=\/wp\/v2\/pages\/28\/revisions\/66"}],"wp:attachment":[{"href":"https:\/\/schlobachshof.com\/index.php?rest_route=%2Fwp%2Fv2%2Fmedia&parent=28"}],"curies":[{"name":"wp","href":"https:\/\/api.w.org\/{rel}","templated":true}]}}