{"id":55,"date":"2020-02-22T21:18:33","date_gmt":"2020-02-22T21:18:33","guid":{"rendered":"http:\/\/schlobachshof.com\/?page_id=55"},"modified":"2025-09-09T09:07:46","modified_gmt":"2025-09-09T09:07:46","slug":"chronik","status":"publish","type":"page","link":"https:\/\/schlobachshof.com\/?page_id=55","title":{"rendered":"Chronik"},"content":{"rendered":"\n<p>Chronik Erwerb Schlobachshof<\/p>\n\n\n\n<ul class=\"wp-block-list\">\n<li>Expose zur Verkehrswertermittlung Dr. Wrankmore 10.7.2013\u00a0<\/li>\n\n\n\n<li>Zwangsversteigerungsbeschluss 16.12.15<\/li>\n\n\n\n<li>Vorlage VI-DS-02709 am 25.4.16, der Grundst\u00fccksverkehrsausschuss stimmt in 2. Lesung VI-DS-03418 am 26.10.16 dem Erwerb im Zwangsversteigerungsverfahren mit Best\u00e4tigung einer \u00fcberplanm\u00e4\u00dfigen Auszahlung nach \u00a7 79 (1) S\u00e4chsGemO zu.\u00a0<\/li>\n<\/ul>\n\n\n\n<p>\u201eBei erfolgreichem Erwerb wird die Stadt mit vorhandenen Mietern (z.B. Pferdeunterbrinung u.a.) nach L\u00f6sungen zum beiderseitigen Vorteil suchen.\u201c&nbsp;<\/p>\n\n\n\n<ul class=\"wp-block-list\">\n<li>Zwangsversteigerung 1. Termin 12.5.16, 2. Termin und Zuschlagsbeschluss 27.10.16<\/li>\n\n\n\n<li>Ausschreibung Konzepterstellung 9.1.17, Vergabe an Planungsb\u00fcro Deuter, Quedlinburg<\/li>\n\n\n\n<li>Anfrage B\u00fcndnis 90\/Die Gr\u00fcnen Ratsversammlung am 21.6.17: Konzeptvorlage Ende 2017 (BM Rosenthal)<\/li>\n\n\n\n<li>9\/17 Meinungsabfrage zur Aufstellung eines Nutzungs- und Entwicklungskonzeptes f\u00fcr den Schlobachshof der Stadt Leipzig\u00a0<\/li>\n\n\n\n<li>K\u00fcndigung der Pferdeeinstellungsvertr\u00e4ge am 14.5.18 zum 30.6.18 durch die Pferdepension Schlobachshof<\/li>\n\n\n\n<li>Schreiben Herr Dittmar 6.6.18\/ Dr. Amm: das Nutzungs- und Entwicklungskonzept \u201ewird voraussichtlich im 3. Quartal 2018 vorgestellt\u201c. Siehe auch LVZ 6.6.18<\/li>\n\n\n\n<li>K\u00fcndigung der Wohnungsmieter 8\/18<\/li>\n\n\n\n<li>Anfrage B\u00fcndnis 90\/Die Gr\u00fcnen Antwort Ratsversammlung 13.3.19 (liegt am 4.5.19 noch nicht vor im eRIS)<\/li>\n\n\n\n<li>K\u00fcndigung der Wohnungsmieter 8\/18<\/li>\n\n\n\n<li>Gr\u00fcndung des Vereines &#8222;Schlobachshof e.V.&#8220; 18.12.2018<\/li>\n\n\n\n<li>Anfrage B\u00fcndnis 90\/Die Gr\u00fcnen Antwort Ratsversammlung 13.3.19 Eine Bauvoranfrage zum \u201eBaustatus\u201c sei im Oktober 2018 gestellt, die \u00d6ffentlichkeit werde bis Ende 2019 \u00fcber m\u00f6gliche Nutzungen informiert. <\/li>\n\n\n\n<li>Eingang der Antwort vom Bauamt beim ASG Dezember 2019, bis 5\/20 keine Info an \u00d6ffentlichkeit<\/li>\n\n\n\n<li>Einwohneranfrage im Stadtrat Frau Blum<\/li>\n\n\n\n<li>Besitz\u00fcbernahme durch die Stadt Leipzig im 31.1. 2020<\/li>\n\n\n\n<li>Brand der Scheune 21.02.20<\/li>\n\n\n\n<li>Brand am 08.05.20<\/li>\n<\/ul>\n\n\n\n<ul class=\"wp-block-list\">\n<li>Pr\u00e4sentation \u201eInformationen zum Schlobachshof in der Ortschaftsratssitzung am 04.06.20 durch Herrn Dittmar ASG.\u00a0<br>Alle 3 Konzeptvorschl\u00e4ge: &#8211; Wanderrastst\u00e4tte, &#8211; \u00f6kologische Landwirtschaft, &#8211; Aueninformationszentrum seien am 13.9.19 ablehnend beschieden. Neuer Vorschlag: Umweltbildungsst\u00e4tte Auenlandschaft.\u00a0<\/li>\n<\/ul>\n\n\n\n<p>Vorlage Nr. VI-DS-02709-DS-01 \u201eSchlobachshof \u2013 weitere Nutzung\u201c<\/p>\n\n\n\n<ul class=\"wp-block-list\">\n<li>B\u00fcrgeranfrage Ratsversammlung 08.07.20 Frau Blum zu Bau- und Wohnrecht auf Schlobachshof.\u00a0Die Halle hat eine Baugenehmigung als Tierbewegungshalle im Rahmen landwirtschaftlicher Nutzung (Pferdzucht und -haltung)<\/li>\n<\/ul>\n\n\n\n<ul class=\"wp-block-list\">\n<li>Beginn des Abrisses der 11 &#8222;nicht erhaltenswerten&#8220; Geb\u00e4ude am 11.9.2020<\/li>\n\n\n\n<li>Picknick &#8222;100 Jahre Schlobachshof&#8220; am 19.09.2020<\/li>\n\n\n\n<li>Start der Petition &#8222;Schlobachshof-Kein Abriss ohne Konzept&#8220;<\/li>\n\n\n\n<li>Annahme durch den Petitionsausschuss erfolgt am 16.10.2020 als Petition VII-P-01954 f\u00fcr den Stadtrat<\/li>\n<\/ul>\n\n\n\n<ul class=\"wp-block-list\">\n<li>12\/20: Verwaltungsstandpunkt VII-P-01954-VSP-01<\/li>\n\n\n\n<li>08.01.21 Der Petitionsausschuss beschlie\u00dft nach Beratung zum VSP vor der Abgabe einer Beschlussempfehlung an den Stadtrat ein Beteiligungsverfahren mit Vorberatung im Fachausschuss Umwelt, Klima und Ordnung<\/li>\n\n\n\n<li>17.2.21 Vorstellung der Petition im FA Umwelt, Klima und Ordnung\u00a0<\/li>\n\n\n\n<li>Anfrage B\u00fcndnis 90\/Die Gr\u00fcnen Nr. VII-F-02402 24.2.21<\/li>\n\n\n\n<li>\u00dcbergabe der Petition an Herrn BM Rosenthal vor der Stadtratsversammlung am 23.06.21 und Beschluss des Stadtrates mit Annahme der Petition VII-P-07954-2:<\/li>\n<\/ul>\n\n\n\n<ol class=\"wp-block-list\">\n<li>Die Verwaltung informiert den Umwelt-\/Ordnungsausschuss und die beteiligten Ortschaftsr\u00e4te in regelm\u00e4\u00dfigen Abst\u00e4nden (Halbj\u00e4hrlich) \u00fcber den Stand der Erarbeitung eines tragf\u00e4higen Nutzungs- und Finanzierungskonzeptes zu Schlobachshof.<\/li>\n<\/ol>\n\n\n\n<ol start=\"2\" class=\"wp-block-list\">\n<li>Die Verwaltung pr\u00fcft, ob die sogenannte Tierbewegungshalle ggf. an einem anderen Standort eingesetzt werden kann.<\/li>\n<\/ol>\n\n\n\n<ol start=\"3\" class=\"wp-block-list\">\n<li>Die Ortschaftsr\u00e4te der betroffenen Ortsteile werden in die Beschlussfassung des Nutzungskonzeptes mit einbezogen.<\/li>\n<\/ol>\n\n\n\n<ul class=\"wp-block-list\">\n<li>Picknick zum Tag des offenen Denkmals am 12.9.2021<\/li>\n<\/ul>\n\n\n\n<ul class=\"wp-block-list\">\n<li>Vortrag ASG zum Ortschaftsratstreffen am 10.03.2022 und 12.05.22<\/li>\n<\/ul>\n\n\n\n<ul class=\"wp-block-list\">\n<li>Beschluss des Stadtrates am 19.05.22 Grundsatzbeschluss: Nachnutzung Schlobachshof als &#8222;Informationszentrum Auenlandschaft&#8220; VI-DS-02709-DS-01\u00a0<\/li>\n<\/ul>\n\n\n\n<ul class=\"wp-block-list\">\n<li>Tag des offenen Denkmals am 11.09.2022<\/li>\n<\/ul>\n\n\n\n<ul class=\"wp-block-list\">\n<li>Stammtisch Schlobachshof am 21.10.2022 Prof. Dr. Klaus Reiter und Dr. Ute Knust referieren zum Thema: Meine Zeit in der Lehr- und Versuchsstation Schlobachshof und wie es beruflich weiter ging\u2026<\/li>\n\n\n\n<li>3\/2023 Abriss eines Gro\u00dfteils der Geb\u00e4ude auf Schlobachshof ohne vorherige Information an den Ortschaftsrat. Verschont blieben 2 Baracken und die Tierbewegungshalle wegen des Vorkommens von Rauchschwalben und der M\u00fcckenfledermaus<\/li>\n\n\n\n<li>6\/2023 Vorstellung der Machbarkeitsstudie zur Vorlage \u201eSchlobachshof- weitere Nutzung\u201c in der Stadtverwaltung ASG. Der Ortschaftsrat B\u00f6hlitz-Ehrenberg wurde nicht einbezogen.<\/li>\n\n\n\n<li>Tag des offenen Denkmals 2023 und 2024<\/li>\n\n\n\n<li>Es trainieren die Feuerwehren der Stadt Leipzig auf dem Gel\u00e4nde des Schlobachhofes<\/li>\n\n\n\n<li>23.10.24 Schriftliche Antwort zur Anfrage-Nr. VIII-F-00275-AW-01<\/li>\n\n\n\n<li>Vorstellung der Machbarkeitsstudie im Ortschaftsrat am 10.04.2025:<br>Die denkmalgesch\u00fctzten Geb\u00e4ude sind erhaltenswert, die Kosten werden mit 10 Mio. Euro gesch\u00e4tzt. Es wird ein Fachgutachten f\u00fcr eine erforderliche FFH-Vertr\u00e4glichkeitspr\u00fcfung angek\u00fcndigt.<br>\u2022<br>Pflanzung von B\u00e4umen f\u00fcr eine Streuobstwiese im Januar 2025<br>\u2022<br>Tag des offenen Denkmals 14.09.2025<\/li>\n<\/ul>\n\n\n\n<p><\/p>\n","protected":false},"excerpt":{"rendered":"<p>Chronik Erwerb Schlobachshof \u201eBei erfolgreichem Erwerb wird die Stadt mit vorhandenen Mietern (z.B. Pferdeunterbrinung u.a.) nach L\u00f6sungen zum beiderseitigen Vorteil suchen.\u201c&nbsp; Vorlage Nr. VI-DS-02709-DS-01 \u201eSchlobachshof \u2013 weitere Nutzung\u201c<\/p>\n","protected":false},"author":2,"featured_media":0,"parent":0,"menu_order":0,"comment_status":"closed","ping_status":"closed","template":"","meta":{"footnotes":""},"class_list":["post-55","page","type-page","status-publish","hentry"],"jetpack_sharing_enabled":true,"_links":{"self":[{"href":"https:\/\/schlobachshof.com\/index.php?rest_route=\/wp\/v2\/pages\/55","targetHints":{"allow":["GET"]}}],"collection":[{"href":"https:\/\/schlobachshof.com\/index.php?rest_route=\/wp\/v2\/pages"}],"about":[{"href":"https:\/\/schlobachshof.com\/index.php?rest_route=\/wp\/v2\/types\/page"}],"author":[{"embeddable":true,"href":"https:\/\/schlobachshof.com\/index.php?rest_route=\/wp\/v2\/users\/2"}],"replies":[{"embeddable":true,"href":"https:\/\/schlobachshof.com\/index.php?rest_route=%2Fwp%2Fv2%2Fcomments&post=55"}],"version-history":[{"count":8,"href":"https:\/\/schlobachshof.com\/index.php?rest_route=\/wp\/v2\/pages\/55\/revisions"}],"predecessor-version":[{"id":337,"href":"https:\/\/schlobachshof.com\/index.php?rest_route=\/wp\/v2\/pages\/55\/revisions\/337"}],"wp:attachment":[{"href":"https:\/\/schlobachshof.com\/index.php?rest_route=%2Fwp%2Fv2%2Fmedia&parent=55"}],"curies":[{"name":"wp","href":"https:\/\/api.w.org\/{rel}","templated":true}]}}